{"id":160,"date":"2024-05-08T14:32:44","date_gmt":"2024-05-08T18:32:44","guid":{"rendered":"https:\/\/souvenir.swlauriersb.qc.ca\/library\/"},"modified":"2024-05-28T16:16:45","modified_gmt":"2024-05-28T20:16:45","slug":"bibliotheque","status":"publish","type":"page","link":"https:\/\/souvenir.swlauriersb.qc.ca\/fr\/services\/bibliotheque\/","title":{"rendered":"Biblioth\u00e8ques"},"content":{"rendered":"\n<p>Notre biblioth\u00e8que scolaire est un environnement accueillant o\u00f9 tous les \u00e9l\u00e8ves peuvent non seulement favoriser leur amour de la lecture, mais aussi rechercher divers sujets d\u2019int\u00e9r\u00eat. Nous avons un large catalogue de livres, pour tous les niveaux scolaires, que les \u00e9l\u00e8ves peuvent appr\u00e9cier dans divers si\u00e8ges confortables.<\/p>\n\n\n\n<figure class=\"wp-block-video\"><video controls src=\"http:\/\/souvenir.swlauriersb.qc.ca\/wp-content\/uploads\/sites\/26\/2024\/05\/SOUVENIR_LIBRARY_video_2023.mp4\"><\/video><\/figure>\n\n\n\n<figure class=\"wp-block-image size-large\"><img loading=\"lazy\" decoding=\"async\" width=\"1024\" height=\"768\" src=\"https:\/\/souvenir.swlauriersb.qc.ca\/wp-content\/uploads\/sites\/26\/2024\/05\/library_poster-1024x768.jpg\" alt=\"\" class=\"wp-image-414\" title=\"\" srcset=\"https:\/\/souvenir.swlauriersb.qc.ca\/wp-content\/uploads\/sites\/26\/2024\/05\/library_poster-1024x768.jpg 1024w, https:\/\/souvenir.swlauriersb.qc.ca\/wp-content\/uploads\/sites\/26\/2024\/05\/library_poster-300x225.jpg 300w, https:\/\/souvenir.swlauriersb.qc.ca\/wp-content\/uploads\/sites\/26\/2024\/05\/library_poster-768x576.jpg 768w, https:\/\/souvenir.swlauriersb.qc.ca\/wp-content\/uploads\/sites\/26\/2024\/05\/library_poster-1536x1152.jpg 1536w, https:\/\/souvenir.swlauriersb.qc.ca\/wp-content\/uploads\/sites\/26\/2024\/05\/library_poster-2048x1536.jpg 2048w\" sizes=\"(max-width: 1024px) 100vw, 1024px\" \/><\/figure>\n","protected":false},"excerpt":{"rendered":"<p>Notre biblioth\u00e8que scolaire est un environnement accueillant o\u00f9 tous les \u00e9l\u00e8ves peuvent non seulement favoriser leur amour de la lecture, mais aussi rechercher divers sujets d\u2019int\u00e9r\u00eat. Nous avons un large catalogue de livres, pour tous les niveaux scolaires, que les \u00e9l\u00e8ves peuvent appr\u00e9cier dans divers si\u00e8ges confortables.<\/p>\n","protected":false},"author":1,"featured_media":0,"parent":164,"menu_order":0,"comment_status":"closed","ping_status":"closed","template":"","meta":{"_acf_changed":false,"_relevanssi_hide_post":"","_relevanssi_hide_content":"","_relevanssi_pin_for_all":"","_relevanssi_pin_keywords":"","_relevanssi_unpin_keywords":"","_relevanssi_related_keywords":"","_relevanssi_related_include_ids":"","_relevanssi_related_exclude_ids":"","_relevanssi_related_no_append":"","_relevanssi_related_not_related":"","_relevanssi_related_posts":"","_relevanssi_noindex_reason":"","footnotes":""},"acf":[],"_links":{"self":[{"href":"https:\/\/souvenir.swlauriersb.qc.ca\/fr\/wp-json\/wp\/v2\/pages\/160"}],"collection":[{"href":"https:\/\/souvenir.swlauriersb.qc.ca\/fr\/wp-json\/wp\/v2\/pages"}],"about":[{"href":"https:\/\/souvenir.swlauriersb.qc.ca\/fr\/wp-json\/wp\/v2\/types\/page"}],"author":[{"embeddable":true,"href":"https:\/\/souvenir.swlauriersb.qc.ca\/fr\/wp-json\/wp\/v2\/users\/1"}],"replies":[{"embeddable":true,"href":"https:\/\/souvenir.swlauriersb.qc.ca\/fr\/wp-json\/wp\/v2\/comments?post=160"}],"version-history":[{"count":4,"href":"https:\/\/souvenir.swlauriersb.qc.ca\/fr\/wp-json\/wp\/v2\/pages\/160\/revisions"}],"predecessor-version":[{"id":460,"href":"https:\/\/souvenir.swlauriersb.qc.ca\/fr\/wp-json\/wp\/v2\/pages\/160\/revisions\/460"}],"up":[{"embeddable":true,"href":"https:\/\/souvenir.swlauriersb.qc.ca\/fr\/wp-json\/wp\/v2\/pages\/164"}],"wp:attachment":[{"href":"https:\/\/souvenir.swlauriersb.qc.ca\/fr\/wp-json\/wp\/v2\/media?parent=160"}],"curies":[{"name":"wp","href":"https:\/\/api.w.org\/{rel}","templated":true}]}}