{"id":163,"date":"2024-05-08T14:31:16","date_gmt":"2024-05-08T18:31:16","guid":{"rendered":"https:\/\/souvenir.swlauriersb.qc.ca\/day-care-services\/"},"modified":"2024-05-22T15:25:26","modified_gmt":"2024-05-22T19:25:26","slug":"service-garde","status":"publish","type":"page","link":"https:\/\/souvenir.swlauriersb.qc.ca\/fr\/services\/service-garde\/","title":{"rendered":"Services de garde"},"content":{"rendered":"\n<p>L\u2019\u00e9cole primaire Souvenir offre des services de garde \u00e0 tous les \u00e9l\u00e8ves, m\u00eame pendant les journ\u00e9es p\u00e9dagogiques.\u00a0 Pour les \u00e9l\u00e8ves actuels, assurez-vous que votre enfant est inscrit en utilisant le portail parents Mozaik.\u00a0 Pour les nouvelles inscriptions, vous pouvez le faire lors de la journ\u00e9e d\u2019orientation pr\u00e9scolaire de Souvenir en mai ou en communiquant avec notre technicienne en service de garde Christina Esposito en utilisant le formulaire de contact. Pour toute information compl\u00e9mentaire, veuillez consulter la brochure ci-dessous\u00a0:<\/p>\n\n\n\n<div class=\"wp-block-buttons is-layout-flex wp-block-buttons-is-layout-flex\">\n<div class=\"wp-block-button\"><a class=\"wp-block-button__link wp-element-button\" href=\"http:\/\/souvenir.swlauriersb.qc.ca\/wp-content\/uploads\/sites\/26\/2024\/05\/SOUVENIR_DAYCARE_ses_daycare_brochure_revised_2023_ENG.pdf\" target=\"_blank\" rel=\"noreferrer noopener\">Daycare Brochure<i class=\"icon-arrow-left\"><\/i><\/a><\/div>\n<\/div>\n","protected":false},"excerpt":{"rendered":"<p>L\u2019\u00e9cole primaire Souvenir offre des services de garde \u00e0 tous les \u00e9l\u00e8ves, m\u00eame pendant les journ\u00e9es p\u00e9dagogiques.\u00a0 Pour les \u00e9l\u00e8ves actuels, assurez-vous que votre enfant est inscrit en utilisant le portail parents Mozaik.\u00a0 Pour les nouvelles inscriptions, vous pouvez le faire lors de la journ\u00e9e d\u2019orientation pr\u00e9scolaire de Souvenir en mai ou en communiquant avec&hellip;<\/p>\n","protected":false},"author":1,"featured_media":0,"parent":164,"menu_order":0,"comment_status":"closed","ping_status":"closed","template":"","meta":{"_acf_changed":false,"_relevanssi_hide_post":"","_relevanssi_hide_content":"","_relevanssi_pin_for_all":"","_relevanssi_pin_keywords":"","_relevanssi_unpin_keywords":"","_relevanssi_related_keywords":"","_relevanssi_related_include_ids":"","_relevanssi_related_exclude_ids":"","_relevanssi_related_no_append":"","_relevanssi_related_not_related":"","_relevanssi_related_posts":"","_relevanssi_noindex_reason":"","footnotes":""},"acf":[],"_links":{"self":[{"href":"https:\/\/souvenir.swlauriersb.qc.ca\/fr\/wp-json\/wp\/v2\/pages\/163"}],"collection":[{"href":"https:\/\/souvenir.swlauriersb.qc.ca\/fr\/wp-json\/wp\/v2\/pages"}],"about":[{"href":"https:\/\/souvenir.swlauriersb.qc.ca\/fr\/wp-json\/wp\/v2\/types\/page"}],"author":[{"embeddable":true,"href":"https:\/\/souvenir.swlauriersb.qc.ca\/fr\/wp-json\/wp\/v2\/users\/1"}],"replies":[{"embeddable":true,"href":"https:\/\/souvenir.swlauriersb.qc.ca\/fr\/wp-json\/wp\/v2\/comments?post=163"}],"version-history":[{"count":2,"href":"https:\/\/souvenir.swlauriersb.qc.ca\/fr\/wp-json\/wp\/v2\/pages\/163\/revisions"}],"predecessor-version":[{"id":399,"href":"https:\/\/souvenir.swlauriersb.qc.ca\/fr\/wp-json\/wp\/v2\/pages\/163\/revisions\/399"}],"up":[{"embeddable":true,"href":"https:\/\/souvenir.swlauriersb.qc.ca\/fr\/wp-json\/wp\/v2\/pages\/164"}],"wp:attachment":[{"href":"https:\/\/souvenir.swlauriersb.qc.ca\/fr\/wp-json\/wp\/v2\/media?parent=163"}],"curies":[{"name":"wp","href":"https:\/\/api.w.org\/{rel}","templated":true}]}}