{"id":174,"date":"2024-05-08T14:26:06","date_gmt":"2024-05-08T18:26:06","guid":{"rendered":"https:\/\/souvenir.swlauriersb.qc.ca\/registration\/"},"modified":"2024-05-22T13:40:23","modified_gmt":"2024-05-22T17:40:23","slug":"inscription","status":"publish","type":"page","link":"https:\/\/souvenir.swlauriersb.qc.ca\/fr\/informations-pour-les-parents\/inscription\/","title":{"rendered":"Inscription"},"content":{"rendered":"\n<p>Les \u00e9l\u00e8ves d\u00e9j\u00e0 inscrits \u00e0 l\u2019\u00e9cole primaire Souvenir peuvent le faire sur le portail Mozaik.<\/p>\n\n\n\n<p>L\u2019inscription des nouveaux \u00e9l\u00e8ves commence le 22&nbsp;janvier&nbsp;2024 par courriel seulement.&nbsp; Pour vous inscrire ou pour plus d\u2019informations, veuillez appeler nos secr\u00e9taires&nbsp;: (450) 688-1944 ext. 6616 et laisser un message.<\/p>\n\n\n\n<div class=\"wp-block-buttons is-layout-flex wp-block-buttons-is-layout-flex\">\n<div class=\"wp-block-button\"><a class=\"wp-block-button__link wp-element-button\" href=\"http:\/\/souvenir.swlauriersb.qc.ca\/wp-content\/uploads\/sites\/26\/2024\/05\/SOUVENIR_REGISTRATION_2023-2024.pdf\" target=\"_blank\" rel=\"noreferrer noopener\">Registration <i class=\"icon-arrow-left\"><\/i><\/a><\/div>\n<\/div>\n\n\n\n<div class=\"wp-block-buttons is-layout-flex wp-block-buttons-is-layout-flex\">\n<div class=\"wp-block-button\"><a class=\"wp-block-button__link wp-element-button\" href=\"http:\/\/souvenir.swlauriersb.qc.ca\/wp-content\/uploads\/sites\/26\/2024\/05\/SES_registration_CreatingMozaikaccount_FR.pdf\" target=\"_blank\" rel=\"noreferrer noopener\">Creating Mozaik Account <i class=\"icon-arrow-left\"><\/i><\/a><\/div>\n<\/div>\n","protected":false},"excerpt":{"rendered":"<p>Les \u00e9l\u00e8ves d\u00e9j\u00e0 inscrits \u00e0 l\u2019\u00e9cole primaire Souvenir peuvent le faire sur le portail Mozaik. L\u2019inscription des nouveaux \u00e9l\u00e8ves commence le 22&nbsp;janvier&nbsp;2024 par courriel seulement.&nbsp; Pour vous inscrire ou pour plus d\u2019informations, veuillez appeler nos secr\u00e9taires&nbsp;: (450) 688-1944 ext. 6616 et laisser un message.<\/p>\n","protected":false},"author":1,"featured_media":0,"parent":173,"menu_order":1,"comment_status":"closed","ping_status":"closed","template":"","meta":{"_acf_changed":false,"_relevanssi_hide_post":"","_relevanssi_hide_content":"","_relevanssi_pin_for_all":"","_relevanssi_pin_keywords":"","_relevanssi_unpin_keywords":"","_relevanssi_related_keywords":"","_relevanssi_related_include_ids":"","_relevanssi_related_exclude_ids":"","_relevanssi_related_no_append":"","_relevanssi_related_not_related":"","_relevanssi_related_posts":"","_relevanssi_noindex_reason":"","footnotes":""},"acf":[],"_links":{"self":[{"href":"https:\/\/souvenir.swlauriersb.qc.ca\/fr\/wp-json\/wp\/v2\/pages\/174"}],"collection":[{"href":"https:\/\/souvenir.swlauriersb.qc.ca\/fr\/wp-json\/wp\/v2\/pages"}],"about":[{"href":"https:\/\/souvenir.swlauriersb.qc.ca\/fr\/wp-json\/wp\/v2\/types\/page"}],"author":[{"embeddable":true,"href":"https:\/\/souvenir.swlauriersb.qc.ca\/fr\/wp-json\/wp\/v2\/users\/1"}],"replies":[{"embeddable":true,"href":"https:\/\/souvenir.swlauriersb.qc.ca\/fr\/wp-json\/wp\/v2\/comments?post=174"}],"version-history":[{"count":3,"href":"https:\/\/souvenir.swlauriersb.qc.ca\/fr\/wp-json\/wp\/v2\/pages\/174\/revisions"}],"predecessor-version":[{"id":330,"href":"https:\/\/souvenir.swlauriersb.qc.ca\/fr\/wp-json\/wp\/v2\/pages\/174\/revisions\/330"}],"up":[{"embeddable":true,"href":"https:\/\/souvenir.swlauriersb.qc.ca\/fr\/wp-json\/wp\/v2\/pages\/173"}],"wp:attachment":[{"href":"https:\/\/souvenir.swlauriersb.qc.ca\/fr\/wp-json\/wp\/v2\/media?parent=174"}],"curies":[{"name":"wp","href":"https:\/\/api.w.org\/{rel}","templated":true}]}}